{"id":652,"date":"2012-01-16T13:38:01","date_gmt":"2012-01-16T12:38:01","guid":{"rendered":"https:\/\/xn--rttsrta-5wa0o.se\/blogg\/?page_id=652"},"modified":"2012-01-16T13:38:43","modified_gmt":"2012-01-16T12:38:43","slug":"antikdeckaren-pontus-silfverstolpe","status":"publish","type":"page","link":"https:\/\/xn--rttsrta-5wa0o.se\/blogg\/antikdeckaren-pontus-silfverstolpe\/","title":{"rendered":"Antikdeckaren &#8211; Pontus Silfverstolpe"},"content":{"rendered":"<p>P\u00e5 denna blogg s\u00e5 har jag samlat en del av materialet kring historien om &#8220;arvet som f\u00f6rsvann&#8221;. Ett j\u00e4ttearv p\u00e5 \u00f6ver 60 miljoner som myglades bort och d\u00e4r det enda som \u00e5terb\u00f6rdades d\u00f6dsboet efter min dotters mormor var den Ryska bordspendylen (se bild nedan) som min dotters gudfars brorson &#8211; Pontus Silfverstolpe (Antikdeckaren) f\u00f6rs\u00e5lde p\u00e5 Bukowski auktioner d\u00e4r han d\u00e5 var anst\u00e4lld. Vi fick aldrig n\u00e5gon trov\u00e4rdig f\u00f6rklaring till varf\u00f6r Pontus s\u00e5lde min dotters mormors klocka f\u00f6r 300.000,-. \u00a0<a href=\"https:\/\/xn--rttsrta-5wa0o.se\/blogg\/wp-content\/uploads\/2012\/01\/rysk-bordspendyl.jpg\"><img loading=\"lazy\" decoding=\"async\" class=\"alignleft size-full wp-image-653\" title=\"rysk-bordspendyl\" src=\"https:\/\/xn--rttsrta-5wa0o.se\/blogg\/wp-content\/uploads\/2012\/01\/rysk-bordspendyl.jpg\" alt=\"\" width=\"220\" height=\"280\" \/><\/a><\/p>\n","protected":false},"excerpt":{"rendered":"<p>P\u00e5 denna blogg s\u00e5 har jag samlat en del av materialet kring historien om &#8220;arvet som f\u00f6rsvann&#8221;. Ett j\u00e4ttearv p\u00e5 \u00f6ver 60 miljoner som myglades bort och d\u00e4r det enda som \u00e5terb\u00f6rdades d\u00f6dsboet efter min dotters mormor var den Ryska bordspendylen (se bild nedan) som min dotters gudfars brorson &#8211; Pontus Silfverstolpe (Antikdeckaren) f\u00f6rs\u00e5lde p\u00e5 [&hellip;]<\/p>\n","protected":false},"author":1,"featured_media":0,"parent":0,"menu_order":0,"comment_status":"open","ping_status":"closed","template":"","meta":{"footnotes":""},"class_list":["post-652","page","type-page","status-publish","hentry"],"_links":{"self":[{"href":"https:\/\/xn--rttsrta-5wa0o.se\/blogg\/wp-json\/wp\/v2\/pages\/652","targetHints":{"allow":["GET"]}}],"collection":[{"href":"https:\/\/xn--rttsrta-5wa0o.se\/blogg\/wp-json\/wp\/v2\/pages"}],"about":[{"href":"https:\/\/xn--rttsrta-5wa0o.se\/blogg\/wp-json\/wp\/v2\/types\/page"}],"author":[{"embeddable":true,"href":"https:\/\/xn--rttsrta-5wa0o.se\/blogg\/wp-json\/wp\/v2\/users\/1"}],"replies":[{"embeddable":true,"href":"https:\/\/xn--rttsrta-5wa0o.se\/blogg\/wp-json\/wp\/v2\/comments?post=652"}],"version-history":[{"count":0,"href":"https:\/\/xn--rttsrta-5wa0o.se\/blogg\/wp-json\/wp\/v2\/pages\/652\/revisions"}],"wp:attachment":[{"href":"https:\/\/xn--rttsrta-5wa0o.se\/blogg\/wp-json\/wp\/v2\/media?parent=652"}],"curies":[{"name":"wp","href":"https:\/\/api.w.org\/{rel}","templated":true}]}}